{"id":98,"date":"2024-09-25T17:45:59","date_gmt":"2024-09-25T15:45:59","guid":{"rendered":"https:\/\/www.covesdencimany.com\/coves24\/?page_id=98"},"modified":"2026-03-04T16:36:08","modified_gmt":"2026-03-04T14:36:08","slug":"consell-escolar","status":"publish","type":"page","link":"https:\/\/www.covesdencimany.com\/coves24\/comunitat\/consell-escolar\/","title":{"rendered":"Consell escolar"},"content":{"rendered":"\t\t<div data-elementor-type=\"wp-page\" data-elementor-id=\"98\" class=\"elementor elementor-98\" data-elementor-post-type=\"page\">\n\t\t\t\t<div class=\"elementor-element elementor-element-29af44b e-flex e-con-boxed e-con e-parent\" data-id=\"29af44b\" data-element_type=\"container\" data-e-type=\"container\">\n\t\t\t\t\t<div class=\"e-con-inner\">\n\t\t\t\t<div class=\"elementor-element elementor-element-30ea2ca elementor-widget elementor-widget-spacer\" data-id=\"30ea2ca\" data-element_type=\"widget\" data-e-type=\"widget\" data-widget_type=\"spacer.default\">\n\t\t\t\t<div class=\"elementor-widget-container\">\n\t\t\t\t\t\t\t<div class=\"elementor-spacer\">\n\t\t\t<div class=\"elementor-spacer-inner\"><\/div>\n\t\t<\/div>\n\t\t\t\t\t\t<\/div>\n\t\t\t\t<\/div>\n\t\t\t\t<div class=\"elementor-element elementor-element-8dd2eac elementor-widget elementor-widget-heading\" data-id=\"8dd2eac\" data-element_type=\"widget\" data-e-type=\"widget\" data-widget_type=\"heading.default\">\n\t\t\t\t<div class=\"elementor-widget-container\">\n\t\t\t\t\t<h2 class=\"elementor-heading-title elementor-size-default\">Consell escolar<\/h2>\t\t\t\t<\/div>\n\t\t\t\t<\/div>\n\t\t\t\t<div class=\"elementor-element elementor-element-56bd44d elementor-widget elementor-widget-text-editor\" data-id=\"56bd44d\" data-element_type=\"widget\" data-e-type=\"widget\" data-widget_type=\"text-editor.default\">\n\t\t\t\t<div class=\"elementor-widget-container\">\n\t\t\t\t\t\t\t\t\t<p><b>El Consell Escolar<\/b> \u00e9s \u00a0l&#8217;\u00f2rgan col\u00b7legiat de <b>participaci\u00f3 de la comunitat<\/b> escolar en el govern del centre. En el consell escolar hi ha representats tots els col\u00b7lectius que intervenen en la comunitat educativa:directora, professorat, fam\u00edlies, alumnat i personal d&#8217;administraci\u00f3 i serveis.<\/p><p>Els membres del consell escolar s\u00f3n elegits per un per\u00edode de quatre anys i es renoven per meitats cada dos anys.<\/p><p>El Consell Escolar de l\u2019Institut Escola Coves d\u2019en Cimany actualment el conformen:<\/p><h6>Membres del Consell Escolar<\/h6><table width=\"391\"><tbody><tr><td width=\"163\">Presidenta del consell (Directora)<\/td><td width=\"228\">Olga Cruz<\/td><\/tr><tr><td>Representant Municipal<\/td><td>Gemma Blasco<\/td><\/tr><tr><td>Cap d&#8217;estudis d&#8217;infantil i prim\u00e0ria<\/td><td>Marta Gaspa<\/td><\/tr><tr><td>Cap d&#8217;estudis de secund\u00e0ria<\/td><td>Patricia Gallardo<\/td><\/tr><tr><td>Secretaria<\/td><td>Susana Mu\u00f1oz<\/td><\/tr><tr><td>Representant AFA<\/td><td>Tom\u00e1s Br\u00fcckel<\/td><\/tr><tr><td>Representant fam\u00edlies<\/td><td>Mounia Arabi<\/td><\/tr><tr><td>Representant fam\u00edlies<\/td><td>Vanessa Fuguet<\/td><\/tr><tr><td>\u00a0<\/td><td>\u00a0<\/td><\/tr><tr><td>Representant fam\u00edlies<\/td><td>Maria del Mar Jerez<\/td><\/tr><tr><td>\u00a0<\/td><td>\u00a0<\/td><\/tr><tr><td>Representant fam\u00edlies<\/td><td>Juan Cristobal Ribas<\/td><\/tr><tr><td>Representant alumnat<\/td><td>Andres Felipe Pulido<\/td><\/tr><tr><td>Representant alumnat<\/td><td>Valery Ortiz<\/td><\/tr><tr><td>Representant claustre<\/td><td>Bego\u00f1a Bell\u00e9s<\/td><\/tr><tr><td>Representant claustre<\/td><td>Juanjo Butron<\/td><\/tr><tr><td>\u00a0<\/td><td>\u00a0<\/td><\/tr><tr><td>Representant claustre<\/td><td>Marta Dom\u00ednguez<\/td><\/tr><tr><td>\u00a0<\/td><td>\u00a0<\/td><\/tr><tr><td>Representant claustre<\/td><td>Berta Lluci\u00e0<\/td><\/tr><tr><td>Representant claustre<\/td><td>M\u00aa Carlota Marquer<\/td><\/tr><tr><td>\u00a0<\/td><td>\u00a0<\/td><\/tr><tr><td>Representant claustre<\/td><td>Olga Mascolo<\/td><\/tr><tr><td>\u00a0<\/td><td>\u00a0<\/td><\/tr><tr><td>Representant claustre<\/td><td>Lourdes Uzquiano<\/td><\/tr><tr><td>Representant PAS<\/td><td>Laia Guisasola<\/td><\/tr><tr><td>\u00a0<\/td><td>\u00a0<\/td><\/tr><tr><td>Representant PAE<\/td><td>Elena Granados<\/td><\/tr><\/tbody><\/table><p>\u00a0<\/p><p>Corresponen al consell escolar les <b>funcions<\/b> seg\u00fcents:<\/p><ul><li aria-level=\"1\">Aprovar el projecte educatiu i les modificacions corresponents per una majoria de tres cinquenes parts dels membres.<\/li><li aria-level=\"1\">Aprovar la programaci\u00f3 general anual del centre i avaluar-ne el desenvolupament i els resultats.<\/li><li aria-level=\"1\">Aprovar les propostes d&#8217;acords de corresponsabilitat, convenis i altres acords de col\u00b7laboraci\u00f3 del centre amb entitats o institucions.<\/li><li aria-level=\"1\">Aprovar les normes d&#8217;organitzaci\u00f3 i funcionament i les modificacions corresponents.<\/li><li aria-level=\"1\">Aprovar la carta de comprom\u00eds educatiu.<\/li><li aria-level=\"1\">Aprovar el pressupost del centre i el rendiment de comptes.<\/li><li aria-level=\"1\">Intervenir en el procediment d&#8217;admissi\u00f3 d&#8217;alumnes.<\/li><li aria-level=\"1\">Participar en el procediment de selecci\u00f3 i en la proposta de cessament del director o directora.<\/li><li aria-level=\"1\">Intervenir en la resoluci\u00f3 dels conflictes i, si escau, revisar les sancions als alumnes.<\/li><li aria-level=\"1\">Aprovar les directrius per a la programaci\u00f3 d&#8217;activitats escolars complement\u00e0ries i d&#8217;activitats extraescolars, i avaluar-ne el desenvolupament.<\/li><li aria-level=\"1\">Participar en les an\u00e0lisis i les avaluacions del funcionament general del centre i con\u00e8ixer l&#8217;evoluci\u00f3 del rendiment escolar.<\/li><li aria-level=\"1\">Aprovar els criteris de col\u00b7laboraci\u00f3 amb altres centres i amb l&#8217;entorn.<\/li><li aria-level=\"1\">Qualsevol altra que li sigui atribu\u00efda per les normes legals o reglament\u00e0ries.<\/li><\/ul>\t\t\t\t\t\t\t\t<\/div>\n\t\t\t\t<\/div>\n\t\t\t\t\t<\/div>\n\t\t\t\t<\/div>\n\t\t\t\t<\/div>\n\t\t","protected":false},"excerpt":{"rendered":"<p>El Consell Escolar \u00e9s \u00a0l&#8217;\u00f2rgan col\u00b7legiat de participaci\u00f3 de la comunitat escolar en el govern del centre. En el consell escolar hi ha representats tots els col\u00b7lectius que intervenen en la comunitat educativa:directora, professorat, fam\u00edlies, alumnat i personal d&#8217;administraci\u00f3 i serveis. Els membres del consell escolar s\u00f3n elegits per un per\u00edode de quatre anys i &#8230;<\/p>\n","protected":false},"author":2,"featured_media":0,"parent":90,"menu_order":8,"comment_status":"closed","ping_status":"closed","template":"page-nosidebar.php","meta":{"_acf_changed":false,"footnotes":""},"class_list":["post-98","page","type-page","status-publish","hentry"],"acf":[],"_links":{"self":[{"href":"https:\/\/www.covesdencimany.com\/coves24\/wp-json\/wp\/v2\/pages\/98","targetHints":{"allow":["GET"]}}],"collection":[{"href":"https:\/\/www.covesdencimany.com\/coves24\/wp-json\/wp\/v2\/pages"}],"about":[{"href":"https:\/\/www.covesdencimany.com\/coves24\/wp-json\/wp\/v2\/types\/page"}],"author":[{"embeddable":true,"href":"https:\/\/www.covesdencimany.com\/coves24\/wp-json\/wp\/v2\/users\/2"}],"replies":[{"embeddable":true,"href":"https:\/\/www.covesdencimany.com\/coves24\/wp-json\/wp\/v2\/comments?post=98"}],"version-history":[{"count":34,"href":"https:\/\/www.covesdencimany.com\/coves24\/wp-json\/wp\/v2\/pages\/98\/revisions"}],"predecessor-version":[{"id":1566,"href":"https:\/\/www.covesdencimany.com\/coves24\/wp-json\/wp\/v2\/pages\/98\/revisions\/1566"}],"up":[{"embeddable":true,"href":"https:\/\/www.covesdencimany.com\/coves24\/wp-json\/wp\/v2\/pages\/90"}],"wp:attachment":[{"href":"https:\/\/www.covesdencimany.com\/coves24\/wp-json\/wp\/v2\/media?parent=98"}],"curies":[{"name":"wp","href":"https:\/\/api.w.org\/{rel}","templated":true}]}}