{"id":566,"date":"2025-02-06T14:43:29","date_gmt":"2025-02-06T12:43:29","guid":{"rendered":"https:\/\/www.covesdencimany.com\/coves24\/?page_id=566"},"modified":"2026-03-04T16:36:08","modified_gmt":"2026-03-04T14:36:08","slug":"equip","status":"publish","type":"page","link":"https:\/\/www.covesdencimany.com\/coves24\/equip\/","title":{"rendered":"Equip"},"content":{"rendered":"\t\t<div data-elementor-type=\"wp-page\" data-elementor-id=\"566\" class=\"elementor elementor-566\" data-elementor-post-type=\"page\">\n\t\t\t\t<div class=\"elementor-element elementor-element-6d4b8b5 e-flex e-con-boxed e-con e-parent\" data-id=\"6d4b8b5\" data-element_type=\"container\" data-e-type=\"container\">\n\t\t\t\t\t<div class=\"e-con-inner\">\n\t\t\t\t<div class=\"elementor-element elementor-element-dcc97ba elementor-widget elementor-widget-spacer\" data-id=\"dcc97ba\" data-element_type=\"widget\" data-e-type=\"widget\" data-widget_type=\"spacer.default\">\n\t\t\t\t<div class=\"elementor-widget-container\">\n\t\t\t\t\t\t\t<div class=\"elementor-spacer\">\n\t\t\t<div class=\"elementor-spacer-inner\"><\/div>\n\t\t<\/div>\n\t\t\t\t\t\t<\/div>\n\t\t\t\t<\/div>\n\t\t\t\t\t<\/div>\n\t\t\t\t<\/div>\n\t\t<div class=\"elementor-element elementor-element-1b8a4ace e-flex e-con-boxed e-con e-parent\" data-id=\"1b8a4ace\" data-element_type=\"container\" data-e-type=\"container\">\n\t\t\t\t\t<div class=\"e-con-inner\">\n\t\t<div class=\"elementor-element elementor-element-3e0eca5 e-con-full e-flex e-con e-child\" data-id=\"3e0eca5\" data-element_type=\"container\" data-e-type=\"container\" data-settings=\"{&quot;background_background&quot;:&quot;classic&quot;}\">\n\t\t\t\t<div class=\"elementor-element elementor-element-8348fe2 elementor-widget elementor-widget-image\" data-id=\"8348fe2\" data-element_type=\"widget\" data-e-type=\"widget\" data-widget_type=\"image.default\">\n\t\t\t\t<div class=\"elementor-widget-container\">\n\t\t\t\t\t\t\t\t\t\t\t\t\t\t\t<img fetchpriority=\"high\" decoding=\"async\" width=\"900\" height=\"512\" src=\"https:\/\/www.covesdencimany.com\/coves24\/wp-content\/uploads\/2026\/01\/equip3.webp\" class=\"attachment-full size-full wp-image-1278\" alt=\"\" srcset=\"https:\/\/www.covesdencimany.com\/coves24\/wp-content\/uploads\/2026\/01\/equip3.webp 900w, https:\/\/www.covesdencimany.com\/coves24\/wp-content\/uploads\/2026\/01\/equip3-300x171.webp 300w, https:\/\/www.covesdencimany.com\/coves24\/wp-content\/uploads\/2026\/01\/equip3-768x437.webp 768w\" sizes=\"(max-width: 900px) 100vw, 900px\" \/>\t\t\t\t\t\t\t\t\t\t\t\t\t\t\t<\/div>\n\t\t\t\t<\/div>\n\t\t\t\t<div class=\"elementor-element elementor-element-4168285 elementor-widget elementor-widget-text-editor\" data-id=\"4168285\" data-element_type=\"widget\" data-e-type=\"widget\" data-widget_type=\"text-editor.default\">\n\t\t\t\t<div class=\"elementor-widget-container\">\n\t\t\t\t\t\t\t\t\t<h5><span style=\"color: #ffffff;\">ORGANIGRAMA<br \/>Equip Directiu<\/span><\/h5>\t\t\t\t\t\t\t\t<\/div>\n\t\t\t\t<\/div>\n\t\t\t\t<div class=\"elementor-element elementor-element-a0788d9 elementor-widget elementor-widget-n-accordion\" data-id=\"a0788d9\" data-element_type=\"widget\" data-e-type=\"widget\" data-settings=\"{&quot;default_state&quot;:&quot;all_collapsed&quot;,&quot;max_items_expended&quot;:&quot;multiple&quot;,&quot;n_accordion_animation_duration&quot;:{&quot;unit&quot;:&quot;ms&quot;,&quot;size&quot;:400,&quot;sizes&quot;:[]}}\" data-widget_type=\"nested-accordion.default\">\n\t\t\t\t<div class=\"elementor-widget-container\">\n\t\t\t\t\t\t\t<div class=\"e-n-accordion\" aria-label=\"Accordion. Open links with Enter or Space, close with Escape, and navigate with Arrow Keys\">\n\t\t\t\t\t\t<details id=\"e-n-accordion-item-1680\" class=\"e-n-accordion-item\" >\n\t\t\t\t<summary class=\"e-n-accordion-item-title\" data-accordion-index=\"1\" tabindex=\"0\" aria-expanded=\"false\" aria-controls=\"e-n-accordion-item-1680\" >\n\t\t\t\t\t<span class='e-n-accordion-item-title-header'><div class=\"e-n-accordion-item-title-text\"> Olga Cruz (Directora) <\/div><\/span>\n\t\t\t\t\t\t\t<span class='e-n-accordion-item-title-icon'>\n\t\t\t<span class='e-opened' ><svg aria-hidden=\"true\" class=\"e-font-icon-svg e-fas-minus\" viewBox=\"0 0 448 512\" xmlns=\"http:\/\/www.w3.org\/2000\/svg\"><path d=\"M416 208H32c-17.67 0-32 14.33-32 32v32c0 17.67 14.33 32 32 32h384c17.67 0 32-14.33 32-32v-32c0-17.67-14.33-32-32-32z\"><\/path><\/svg><\/span>\n\t\t\t<span class='e-closed'><svg aria-hidden=\"true\" class=\"e-font-icon-svg e-fas-plus-circle\" viewBox=\"0 0 512 512\" xmlns=\"http:\/\/www.w3.org\/2000\/svg\"><path d=\"M256 8C119 8 8 119 8 256s111 248 248 248 248-111 248-248S393 8 256 8zm144 276c0 6.6-5.4 12-12 12h-92v92c0 6.6-5.4 12-12 12h-56c-6.6 0-12-5.4-12-12v-92h-92c-6.6 0-12-5.4-12-12v-56c0-6.6 5.4-12 12-12h92v-92c0-6.6 5.4-12 12-12h56c6.6 0 12 5.4 12 12v92h92c6.6 0 12 5.4 12 12v56z\"><\/path><\/svg><\/span>\n\t\t<\/span>\n\n\t\t\t\t\t\t<\/summary>\n\t\t\t\t<div role=\"region\" aria-labelledby=\"e-n-accordion-item-1680\" class=\"elementor-element elementor-element-46e7c50 e-con-full e-flex e-con e-child\" data-id=\"46e7c50\" data-element_type=\"container\" data-e-type=\"container\">\n\t\t<div role=\"region\" aria-labelledby=\"e-n-accordion-item-1680\" class=\"elementor-element elementor-element-758d9db e-con-full e-flex e-con e-child\" data-id=\"758d9db\" data-element_type=\"container\" data-e-type=\"container\">\n\t\t\t\t<div class=\"elementor-element elementor-element-86c1a14 elementor-widget elementor-widget-text-editor\" data-id=\"86c1a14\" data-element_type=\"widget\" data-e-type=\"widget\" data-widget_type=\"text-editor.default\">\n\t\t\t\t<div class=\"elementor-widget-container\">\n\t\t\t\t\t\t\t\t\t<p>Diplomada Com a Mestra d\u2019 Educaci\u00f3 prim\u00e0ria i infantil<br \/>Experi\u00e8ncia de 27 cursos com a docent ocupant el c\u00e0rrec de coordinadora de cicle i Cap d\u2019Estudis.<br \/>T\u00e8cnica Superior en Administraci\u00f3 Empresarial<br \/>Experi\u00e8ncia 6 anys<\/p>\t\t\t\t\t\t\t\t<\/div>\n\t\t\t\t<\/div>\n\t\t\t\t<\/div>\n\t\t\t\t<\/div>\n\t\t\t\t\t<\/details>\n\t\t\t\t\t\t<details id=\"e-n-accordion-item-1681\" class=\"e-n-accordion-item\" >\n\t\t\t\t<summary class=\"e-n-accordion-item-title\" data-accordion-index=\"2\" tabindex=\"-1\" aria-expanded=\"false\" aria-controls=\"e-n-accordion-item-1681\" >\n\t\t\t\t\t<span class='e-n-accordion-item-title-header'><div class=\"e-n-accordion-item-title-text\"> Marta Gaspa (Cap d\u2019Estudis infantil i prim\u00e0ria) <\/div><\/span>\n\t\t\t\t\t\t\t<span class='e-n-accordion-item-title-icon'>\n\t\t\t<span class='e-opened' ><svg aria-hidden=\"true\" class=\"e-font-icon-svg e-fas-minus\" viewBox=\"0 0 448 512\" xmlns=\"http:\/\/www.w3.org\/2000\/svg\"><path d=\"M416 208H32c-17.67 0-32 14.33-32 32v32c0 17.67 14.33 32 32 32h384c17.67 0 32-14.33 32-32v-32c0-17.67-14.33-32-32-32z\"><\/path><\/svg><\/span>\n\t\t\t<span class='e-closed'><svg aria-hidden=\"true\" class=\"e-font-icon-svg e-fas-plus-circle\" viewBox=\"0 0 512 512\" xmlns=\"http:\/\/www.w3.org\/2000\/svg\"><path d=\"M256 8C119 8 8 119 8 256s111 248 248 248 248-111 248-248S393 8 256 8zm144 276c0 6.6-5.4 12-12 12h-92v92c0 6.6-5.4 12-12 12h-56c-6.6 0-12-5.4-12-12v-92h-92c-6.6 0-12-5.4-12-12v-56c0-6.6 5.4-12 12-12h92v-92c0-6.6 5.4-12 12-12h56c6.6 0 12 5.4 12 12v92h92c6.6 0 12 5.4 12 12v56z\"><\/path><\/svg><\/span>\n\t\t<\/span>\n\n\t\t\t\t\t\t<\/summary>\n\t\t\t\t<div role=\"region\" aria-labelledby=\"e-n-accordion-item-1681\" class=\"elementor-element elementor-element-17245be e-con-full e-flex e-con e-child\" data-id=\"17245be\" data-element_type=\"container\" data-e-type=\"container\">\n\t\t\t\t<\/div>\n\t\t\t\t\t<\/details>\n\t\t\t\t\t\t<details id=\"e-n-accordion-item-1682\" class=\"e-n-accordion-item\" >\n\t\t\t\t<summary class=\"e-n-accordion-item-title\" data-accordion-index=\"3\" tabindex=\"-1\" aria-expanded=\"false\" aria-controls=\"e-n-accordion-item-1682\" >\n\t\t\t\t\t<span class='e-n-accordion-item-title-header'><div class=\"e-n-accordion-item-title-text\"> Patricia Gallardo (Cap d\u2019Estudis secund\u00e0ria) <\/div><\/span>\n\t\t\t\t\t\t\t<span class='e-n-accordion-item-title-icon'>\n\t\t\t<span class='e-opened' ><svg aria-hidden=\"true\" class=\"e-font-icon-svg e-fas-minus\" viewBox=\"0 0 448 512\" xmlns=\"http:\/\/www.w3.org\/2000\/svg\"><path d=\"M416 208H32c-17.67 0-32 14.33-32 32v32c0 17.67 14.33 32 32 32h384c17.67 0 32-14.33 32-32v-32c0-17.67-14.33-32-32-32z\"><\/path><\/svg><\/span>\n\t\t\t<span class='e-closed'><svg aria-hidden=\"true\" class=\"e-font-icon-svg e-fas-plus-circle\" viewBox=\"0 0 512 512\" xmlns=\"http:\/\/www.w3.org\/2000\/svg\"><path d=\"M256 8C119 8 8 119 8 256s111 248 248 248 248-111 248-248S393 8 256 8zm144 276c0 6.6-5.4 12-12 12h-92v92c0 6.6-5.4 12-12 12h-56c-6.6 0-12-5.4-12-12v-92h-92c-6.6 0-12-5.4-12-12v-56c0-6.6 5.4-12 12-12h92v-92c0-6.6 5.4-12 12-12h56c6.6 0 12 5.4 12 12v92h92c6.6 0 12 5.4 12 12v56z\"><\/path><\/svg><\/span>\n\t\t<\/span>\n\n\t\t\t\t\t\t<\/summary>\n\t\t\t\t<div role=\"region\" aria-labelledby=\"e-n-accordion-item-1682\" class=\"elementor-element elementor-element-6aa0207 e-con-full e-flex e-con e-child\" data-id=\"6aa0207\" data-element_type=\"container\" data-e-type=\"container\">\n\t\t\t\t<\/div>\n\t\t\t\t\t<\/details>\n\t\t\t\t\t\t<details id=\"e-n-accordion-item-1683\" class=\"e-n-accordion-item\" >\n\t\t\t\t<summary class=\"e-n-accordion-item-title\" data-accordion-index=\"4\" tabindex=\"-1\" aria-expanded=\"false\" aria-controls=\"e-n-accordion-item-1683\" >\n\t\t\t\t\t<span class='e-n-accordion-item-title-header'><div class=\"e-n-accordion-item-title-text\"> Susana Mu\u00f1oz (Secretaria) <\/div><\/span>\n\t\t\t\t\t\t\t<span class='e-n-accordion-item-title-icon'>\n\t\t\t<span class='e-opened' ><svg aria-hidden=\"true\" class=\"e-font-icon-svg e-fas-minus\" viewBox=\"0 0 448 512\" xmlns=\"http:\/\/www.w3.org\/2000\/svg\"><path d=\"M416 208H32c-17.67 0-32 14.33-32 32v32c0 17.67 14.33 32 32 32h384c17.67 0 32-14.33 32-32v-32c0-17.67-14.33-32-32-32z\"><\/path><\/svg><\/span>\n\t\t\t<span class='e-closed'><svg aria-hidden=\"true\" class=\"e-font-icon-svg e-fas-plus-circle\" viewBox=\"0 0 512 512\" xmlns=\"http:\/\/www.w3.org\/2000\/svg\"><path d=\"M256 8C119 8 8 119 8 256s111 248 248 248 248-111 248-248S393 8 256 8zm144 276c0 6.6-5.4 12-12 12h-92v92c0 6.6-5.4 12-12 12h-56c-6.6 0-12-5.4-12-12v-92h-92c-6.6 0-12-5.4-12-12v-56c0-6.6 5.4-12 12-12h92v-92c0-6.6 5.4-12 12-12h56c6.6 0 12 5.4 12 12v92h92c6.6 0 12 5.4 12 12v56z\"><\/path><\/svg><\/span>\n\t\t<\/span>\n\n\t\t\t\t\t\t<\/summary>\n\t\t\t\t<div role=\"region\" aria-labelledby=\"e-n-accordion-item-1683\" class=\"elementor-element elementor-element-6b869ca e-con-full e-flex e-con e-child\" data-id=\"6b869ca\" data-element_type=\"container\" data-e-type=\"container\">\n\t\t\t\t<\/div>\n\t\t\t\t\t<\/details>\n\t\t\t\t\t<\/div>\n\t\t\t\t\t\t<\/div>\n\t\t\t\t<\/div>\n\t\t\t\t<\/div>\n\t\t<div class=\"elementor-element elementor-element-6a1f047b e-con-full e-flex e-con e-child\" data-id=\"6a1f047b\" data-element_type=\"container\" data-e-type=\"container\">\n\t\t\t\t<div class=\"elementor-element elementor-element-49f18e85 elementor-widget elementor-widget-heading\" data-id=\"49f18e85\" data-element_type=\"widget\" data-e-type=\"widget\" data-widget_type=\"heading.default\">\n\t\t\t\t<div class=\"elementor-widget-container\">\n\t\t\t\t\t<h2 class=\"elementor-heading-title elementor-size-default\">Equip<\/h2>\t\t\t\t<\/div>\n\t\t\t\t<\/div>\n\t\t\t\t<div class=\"elementor-element elementor-element-66718c9 elementor-widget elementor-widget-text-editor\" data-id=\"66718c9\" data-element_type=\"widget\" data-e-type=\"widget\" data-widget_type=\"text-editor.default\">\n\t\t\t\t<div class=\"elementor-widget-container\">\n\t\t\t\t\t\t\t\t\t<p>Els i les docents son una <b>pec\u0327a clau<\/b> en el sistema escolar i el principal provei\u0308dor del servei pu\u0301blic educatiu. Som una comunitat de persones <b>il\u00b7lusionades i responsables<\/b>\u00a0 que <b>aprenen di\u00e0riament<\/b>. Posem en marxa i gestionem els procediments d\u2019aprenentatge i responem individualment a les necessitats d\u2019aprenentatge del nostre alumnat.<\/p><p>Com a equip estem en <b>constant formaci\u00f3<\/b> i participem a diverses xarxes que porten a la reflexi\u00f3 constant de manera cooperativa amb altres centres (Xarxa de Compet\u00e8ncies, Xarxa de Comprensi\u00f3 lectora, Seminaris de districte\u2026)<\/p><p>L\u2019equip docent treballa <b>conjuntament<\/b> amb la resta d\u2019equip per donar\u00a0 les respostes necess\u00e0ries que ajudin en l\u2019acompanyament emocional i social per aconseguir el benestar de cada un dels infants i joves.<\/p><p>El centre disposa de les figures de la T\u00e8cnica d\u2019Educaci\u00f3 Infantil, la\u00a0 T\u00e8cnica en Integraci\u00f3 Social, Educadora d\u2019Educaci\u00f3 Especial, vetlladors\/es i auxiliar d&#8217;Educaci\u00f3 Especial. Educadora Social i SSAE (educadora emocional). Totes elles treballen per a<b>l benestar de l\u2019alumnat<\/b> ocupant-se de l\u2019atenci\u00f3 a la diversitat, l\u2019\u00e0mbit social i l\u2019\u00e0mbit emocional de l\u2019alumnat.<\/p><p>Tamb\u00e9 es compta amb els recursos atorgats del Consorci que donen atenci\u00f3 a l\u2019alumnat amb Necessitats Educatives de forma peri\u00f2dica (psicopedagoga, CREDA, CEEPSIR, \u2026).<\/p>\t\t\t\t\t\t\t\t<\/div>\n\t\t\t\t<\/div>\n\t\t\t\t<div class=\"elementor-element elementor-element-c92d9f8 elementor-widget elementor-widget-image\" data-id=\"c92d9f8\" data-element_type=\"widget\" data-e-type=\"widget\" data-widget_type=\"image.default\">\n\t\t\t\t<div class=\"elementor-widget-container\">\n\t\t\t\t\t\t\t\t\t\t\t\t\t\t\t<img decoding=\"async\" width=\"640\" height=\"480\" data-src=\"https:\/\/www.covesdencimany.com\/coves24\/wp-content\/uploads\/2026\/01\/equp-docent-1024x768.webp\" class=\"attachment-large size-large wp-image-1277 lazyload\" alt=\"\" data-srcset=\"https:\/\/www.covesdencimany.com\/coves24\/wp-content\/uploads\/2026\/01\/equp-docent-1024x768.webp 1024w, https:\/\/www.covesdencimany.com\/coves24\/wp-content\/uploads\/2026\/01\/equp-docent-300x225.webp 300w, https:\/\/www.covesdencimany.com\/coves24\/wp-content\/uploads\/2026\/01\/equp-docent-768x576.webp 768w, https:\/\/www.covesdencimany.com\/coves24\/wp-content\/uploads\/2026\/01\/equp-docent-1536x1152.webp 1536w, https:\/\/www.covesdencimany.com\/coves24\/wp-content\/uploads\/2026\/01\/equp-docent.webp 2048w\" data-sizes=\"(max-width: 640px) 100vw, 640px\" src=\"data:image\/svg+xml;base64,PHN2ZyB3aWR0aD0iMSIgaGVpZ2h0PSIxIiB4bWxucz0iaHR0cDovL3d3dy53My5vcmcvMjAwMC9zdmciPjwvc3ZnPg==\" style=\"--smush-placeholder-width: 640px; --smush-placeholder-aspect-ratio: 640\/480;\" \/>\t\t\t\t\t\t\t\t\t\t\t\t\t\t\t<\/div>\n\t\t\t\t<\/div>\n\t\t\t\t<\/div>\n\t\t\t\t\t<\/div>\n\t\t\t\t<\/div>\n\t\t<div class=\"elementor-element elementor-element-93bf878 e-flex e-con-boxed e-con e-parent\" data-id=\"93bf878\" data-element_type=\"container\" data-e-type=\"container\">\n\t\t\t\t\t<div class=\"e-con-inner\">\n\t\t\t\t<div class=\"elementor-element elementor-element-1429e03 elementor-widget elementor-widget-spacer\" data-id=\"1429e03\" data-element_type=\"widget\" data-e-type=\"widget\" data-widget_type=\"spacer.default\">\n\t\t\t\t<div class=\"elementor-widget-container\">\n\t\t\t\t\t\t\t<div class=\"elementor-spacer\">\n\t\t\t<div class=\"elementor-spacer-inner\"><\/div>\n\t\t<\/div>\n\t\t\t\t\t\t<\/div>\n\t\t\t\t<\/div>\n\t\t\t\t\t<\/div>\n\t\t\t\t<\/div>\n\t\t<div class=\"elementor-element elementor-element-8a3e253 e-flex e-con-boxed e-con e-parent\" data-id=\"8a3e253\" data-element_type=\"container\" data-e-type=\"container\">\n\t\t\t\t\t<div class=\"e-con-inner\">\n\t\t<div class=\"elementor-element elementor-element-593bfef e-con-full e-flex e-con e-child\" data-id=\"593bfef\" data-element_type=\"container\" data-e-type=\"container\">\n\t\t\t\t<div class=\"elementor-element elementor-element-8de6c0a elementor-widget elementor-widget-heading\" data-id=\"8de6c0a\" data-element_type=\"widget\" data-e-type=\"widget\" data-widget_type=\"heading.default\">\n\t\t\t\t<div class=\"elementor-widget-container\">\n\t\t\t\t\t<h2 class=\"elementor-heading-title elementor-size-default\">Comunitat de petits:<\/h2>\t\t\t\t<\/div>\n\t\t\t\t<\/div>\n\t\t\t\t<div class=\"elementor-element elementor-element-21b5e50 elementor-widget elementor-widget-text-editor\" data-id=\"21b5e50\" data-element_type=\"widget\" data-e-type=\"widget\" data-widget_type=\"text-editor.default\">\n\t\t\t\t<div class=\"elementor-widget-container\">\n\t\t\t\t\t\t\t\t\t<p><b>I3:<\/b> Marta Dom\u00ednguez<br \/><b>I4:<\/b> Pilar Clos<br \/><b>I5:<\/b> Ivana Redondo<br \/><b>Mestra d&#8217;angl\u00e8s: <\/b>Maria Arrufat<br \/><b>Mestra m\u00fasica: <\/b>Ivette Ferrera<br \/><b>Mestra d&#8217;educaci\u00f3 especial: <\/b>Susana Mu\u00f1oz<br \/><b>TEI:<\/b> Laia Guisasola \/Maria Moreno. Pr\u00e0ctiques Duals (Adela Grau)<br \/><b>Co-doc\u00e8ncies infantil: <\/b>Mireia Vallverd\u00fa<\/p>\t\t\t\t\t\t\t\t<\/div>\n\t\t\t\t<\/div>\n\t\t\t\t<\/div>\n\t\t<div class=\"elementor-element elementor-element-56b25bf e-con-full e-flex e-con e-child\" data-id=\"56b25bf\" data-element_type=\"container\" data-e-type=\"container\">\n\t\t\t\t<div class=\"elementor-element elementor-element-2f1da98 elementor-widget elementor-widget-heading\" data-id=\"2f1da98\" data-element_type=\"widget\" data-e-type=\"widget\" data-widget_type=\"heading.default\">\n\t\t\t\t<div class=\"elementor-widget-container\">\n\t\t\t\t\t<h2 class=\"elementor-heading-title elementor-size-default\">Comunitats de mitjans:<\/h2>\t\t\t\t<\/div>\n\t\t\t\t<\/div>\n\t\t\t\t<div class=\"elementor-element elementor-element-dcb28a1 elementor-widget elementor-widget-text-editor\" data-id=\"dcb28a1\" data-element_type=\"widget\" data-e-type=\"widget\" data-widget_type=\"text-editor.default\">\n\t\t\t\t<div class=\"elementor-widget-container\">\n\t\t\t\t\t\t\t\t\t<p><b>1r: <\/b>Oriol Garcia i Begonya Bell\u00e9s<br \/><b>2n:<\/b> Cristina P\u00e9rez<br \/><b>3r: <\/b>Carla Pariente<br \/><b>Mestra m\u00fasica: <\/b>Ivette Ferrera<br \/><b>Mestra d&#8217;angl\u00e8s:<\/b> Maria Arrufat (1r-2n) Carla Guaita (3r)<br \/><b>Educaci\u00f3 F\u00edsica:<\/b> Lourdes Uzquiano<br \/><b>Educaci\u00f3 Especial<\/b>: Berta Lluci\u00e0<\/p>\t\t\t\t\t\t\t\t<\/div>\n\t\t\t\t<\/div>\n\t\t\t\t<\/div>\n\t\t<div class=\"elementor-element elementor-element-9ca2a10 e-con-full e-flex e-con e-child\" data-id=\"9ca2a10\" data-element_type=\"container\" data-e-type=\"container\">\n\t\t\t\t<div class=\"elementor-element elementor-element-cbff4a3 elementor-widget elementor-widget-heading\" data-id=\"cbff4a3\" data-element_type=\"widget\" data-e-type=\"widget\" data-widget_type=\"heading.default\">\n\t\t\t\t<div class=\"elementor-widget-container\">\n\t\t\t\t\t<h2 class=\"elementor-heading-title elementor-size-default\">Comunitat de grans:<\/h2>\t\t\t\t<\/div>\n\t\t\t\t<\/div>\n\t\t\t\t<div class=\"elementor-element elementor-element-aa5f6f0 elementor-widget elementor-widget-text-editor\" data-id=\"aa5f6f0\" data-element_type=\"widget\" data-e-type=\"widget\" data-widget_type=\"text-editor.default\">\n\t\t\t\t<div class=\"elementor-widget-container\">\n\t\t\t\t\t\t\t\t\t<p><b>4t: <\/b>Clara Rosell\u00f3<br \/><b>5\u00e8:<\/b> Montse S\u00e1nchez<br \/><b>6\u00e8:<\/b> Gabi Benedicto<br \/><b>Mestra d&#8217;angl\u00e8s<\/b>: Carla Guaita<br \/><b>M\u00fasica:<\/b> Ivette Ferrera<br \/><b>Educaci\u00f3 F\u00edsica: <\/b>Lourdes Uzquiano<br \/><b>Educaci\u00f3 Especial:<\/b> Marta Gaspa<br \/><b>Co-doc\u00e8ncies Prim\u00e0ria:<\/b> Rosalina Barbosa, Queca Marquer i Olga Cruz<\/p>\t\t\t\t\t\t\t\t<\/div>\n\t\t\t\t<\/div>\n\t\t\t\t<\/div>\n\t\t\t\t\t<\/div>\n\t\t\t\t<\/div>\n\t\t<div class=\"elementor-element elementor-element-ccbb2a6 e-flex e-con-boxed e-con e-parent\" data-id=\"ccbb2a6\" data-element_type=\"container\" data-e-type=\"container\">\n\t\t\t\t\t<div class=\"e-con-inner\">\n\t\t<div class=\"elementor-element elementor-element-1205c2a e-con-full e-flex e-con e-child\" data-id=\"1205c2a\" data-element_type=\"container\" data-e-type=\"container\">\n\t\t\t\t<div class=\"elementor-element elementor-element-0e64d93 elementor-widget elementor-widget-heading\" data-id=\"0e64d93\" data-element_type=\"widget\" data-e-type=\"widget\" data-widget_type=\"heading.default\">\n\t\t\t\t<div class=\"elementor-widget-container\">\n\t\t\t\t\t<h2 class=\"elementor-heading-title elementor-size-default\">Comunitat de joves:<\/h2>\t\t\t\t<\/div>\n\t\t\t\t<\/div>\n\t\t\t\t<div class=\"elementor-element elementor-element-d120307 elementor-widget elementor-widget-text-editor\" data-id=\"d120307\" data-element_type=\"widget\" data-e-type=\"widget\" data-widget_type=\"text-editor.default\">\n\t\t\t\t<div class=\"elementor-widget-container\">\n\t\t\t\t\t\t\t\t\t<p><b>1r d&#8217;ESO: <\/b>Maria Serrat (substitut Llu\u00eds Amo) i C\u00e8lia Giner (substitut pendent d\u2019adjudicar)<br \/><b>2n d&#8217;ESO: <\/b>Carme Bernal i Elena Garc\u00eda<br \/><b>3r d&#8217;ESO: <\/b>S\u00edlvia Fontanet (substitut Albert Trun\u00f3) i Joel Moreno<br \/><b>4t d&#8217;ESO: <\/b>Xavier Maluquer i persona pendent adjudicar<br \/><b>Orientadora Educativa:<\/b> Gemma Baya<\/p>\t\t\t\t\t\t\t\t<\/div>\n\t\t\t\t<\/div>\n\t\t\t\t<\/div>\n\t\t<div class=\"elementor-element elementor-element-488aab4 e-con-full e-flex e-con e-child\" data-id=\"488aab4\" data-element_type=\"container\" data-e-type=\"container\">\n\t\t\t\t<div class=\"elementor-element elementor-element-c74dccb elementor-widget elementor-widget-text-editor\" data-id=\"c74dccb\" data-element_type=\"widget\" data-e-type=\"widget\" data-widget_type=\"text-editor.default\">\n\t\t\t\t<div class=\"elementor-widget-container\">\n\t\t\t\t\t\t\t\t\t<p>Gemma Baya (orientadora), Carme Bernal (f\u00edsica i qu\u00edmica), Juanjo Butron (Biologia i rob\u00f2tica) , S\u00edlvia Fontanet (Geografia i hist\u00f2ria), Patricia Gallardo (Biologia i tecnologia), Celia Giner (Angl\u00e8s i franc\u00e8s), Elena Garcia (castell\u00e0), Xavier Maluquer (Angl\u00e8s, cultura cl\u00e0ssica i filosofia), Olga Mascolo (matem\u00e0tiques i expressi\u00f3 pl\u00e0stica), Joel Moreno (M\u00fasica i arts), Anna Santoro (matem\u00e0tiques, economia i tecnologia) i Llu\u00eds Amo (ed. f\u00edsica).<\/p>\t\t\t\t\t\t\t\t<\/div>\n\t\t\t\t<\/div>\n\t\t\t\t<\/div>\n\t\t<div class=\"elementor-element elementor-element-31279e3 e-con-full e-flex e-con e-child\" data-id=\"31279e3\" data-element_type=\"container\" data-e-type=\"container\">\n\t\t\t\t<div class=\"elementor-element elementor-element-6c55ac3 elementor-widget elementor-widget-heading\" data-id=\"6c55ac3\" data-element_type=\"widget\" data-e-type=\"widget\" data-widget_type=\"heading.default\">\n\t\t\t\t<div class=\"elementor-widget-container\">\n\t\t\t\t\t<h2 class=\"elementor-heading-title elementor-size-default\">Altres figures de l'equip educatiu:<\/h2>\t\t\t\t<\/div>\n\t\t\t\t<\/div>\n\t\t\t\t<div class=\"elementor-element elementor-element-819627b elementor-widget elementor-widget-text-editor\" data-id=\"819627b\" data-element_type=\"widget\" data-e-type=\"widget\" data-widget_type=\"text-editor.default\">\n\t\t\t\t<div class=\"elementor-widget-container\">\n\t\t\t\t\t\t\t\t\t<p><b>Equip SIEI: <\/b>Nat\u00e0lia Ram\u00f3n i Alex Pascual<br \/><b>Aula acollida:<\/b> Gerard Vinyes<br \/><b>Altres professionals educatius:<br \/><\/b><b>Educadora Ed. Especial de la SIEI:<\/b> Anna L\u00e1zaro <b>Auxiliar d\u2019ed. especial:<\/b>Toni Galera <b>Monitora d\u2019educaci\u00f3 especial<\/b>: J\u00falia Armangu\u00e9 .<br \/><b>Equip socio-emocional:<br \/><\/b><b>T\u00e8cnica d\u2019integraci\u00f3 social: <\/b>Elena Granados<br \/><b>SSAE Educadora emocional<\/b>: Raquel Cano<br \/><b>Educadora social:<\/b> Leticia Iglesias<\/p>\t\t\t\t\t\t\t\t<\/div>\n\t\t\t\t<\/div>\n\t\t\t\t<\/div>\n\t\t\t\t\t<\/div>\n\t\t\t\t<\/div>\n\t\t\t\t<\/div>\n\t\t","protected":false},"excerpt":{"rendered":"<p>ORGANIGRAMAEquip Directiu Olga Cruz (Directora) Diplomada Com a Mestra d\u2019 Educaci\u00f3 prim\u00e0ria i infantilExperi\u00e8ncia de 27 cursos com a docent ocupant el c\u00e0rrec de coordinadora de cicle i Cap d\u2019Estudis.T\u00e8cnica Superior en Administraci\u00f3 EmpresarialExperi\u00e8ncia 6 anys Marta Gaspa (Cap d\u2019Estudis infantil i prim\u00e0ria) Patricia Gallardo (Cap d\u2019Estudis secund\u00e0ria) Susana Mu\u00f1oz (Secretaria) Diplomada Com a Mestra &#8230;<\/p>\n","protected":false},"author":2,"featured_media":1224,"parent":0,"menu_order":1,"comment_status":"closed","ping_status":"closed","template":"page-nosidebar.php","meta":{"_acf_changed":false,"footnotes":""},"class_list":["post-566","page","type-page","status-publish","has-post-thumbnail","hentry"],"acf":[],"_links":{"self":[{"href":"https:\/\/www.covesdencimany.com\/coves24\/wp-json\/wp\/v2\/pages\/566","targetHints":{"allow":["GET"]}}],"collection":[{"href":"https:\/\/www.covesdencimany.com\/coves24\/wp-json\/wp\/v2\/pages"}],"about":[{"href":"https:\/\/www.covesdencimany.com\/coves24\/wp-json\/wp\/v2\/types\/page"}],"author":[{"embeddable":true,"href":"https:\/\/www.covesdencimany.com\/coves24\/wp-json\/wp\/v2\/users\/2"}],"replies":[{"embeddable":true,"href":"https:\/\/www.covesdencimany.com\/coves24\/wp-json\/wp\/v2\/comments?post=566"}],"version-history":[{"count":107,"href":"https:\/\/www.covesdencimany.com\/coves24\/wp-json\/wp\/v2\/pages\/566\/revisions"}],"predecessor-version":[{"id":1748,"href":"https:\/\/www.covesdencimany.com\/coves24\/wp-json\/wp\/v2\/pages\/566\/revisions\/1748"}],"wp:featuredmedia":[{"embeddable":true,"href":"https:\/\/www.covesdencimany.com\/coves24\/wp-json\/wp\/v2\/media\/1224"}],"wp:attachment":[{"href":"https:\/\/www.covesdencimany.com\/coves24\/wp-json\/wp\/v2\/media?parent=566"}],"curies":[{"name":"wp","href":"https:\/\/api.w.org\/{rel}","templated":true}]}}