{"id":519,"date":"2025-02-06T14:16:19","date_gmt":"2025-02-06T12:16:19","guid":{"rendered":"https:\/\/www.covesdencimany.com\/coves24\/?page_id=519"},"modified":"2026-03-04T16:36:08","modified_gmt":"2026-03-04T14:36:08","slug":"principis-2","status":"publish","type":"page","link":"https:\/\/www.covesdencimany.com\/coves24\/projecte-educatiu\/principis-2\/","title":{"rendered":"Oferta educativa"},"content":{"rendered":"\t\t<div data-elementor-type=\"wp-page\" data-elementor-id=\"519\" class=\"elementor elementor-519\" data-elementor-post-type=\"page\">\n\t\t\t\t<div class=\"elementor-element elementor-element-32d824f e-flex e-con-boxed e-con e-parent\" data-id=\"32d824f\" data-element_type=\"container\" data-e-type=\"container\">\n\t\t\t\t\t<div class=\"e-con-inner\">\n\t\t\t\t<div class=\"elementor-element elementor-element-1c29ceb elementor-widget elementor-widget-spacer\" data-id=\"1c29ceb\" data-element_type=\"widget\" data-e-type=\"widget\" data-widget_type=\"spacer.default\">\n\t\t\t\t<div class=\"elementor-widget-container\">\n\t\t\t\t\t\t\t<div class=\"elementor-spacer\">\n\t\t\t<div class=\"elementor-spacer-inner\"><\/div>\n\t\t<\/div>\n\t\t\t\t\t\t<\/div>\n\t\t\t\t<\/div>\n\t\t\t\t\t<\/div>\n\t\t\t\t<\/div>\n\t\t<div class=\"elementor-element elementor-element-1d1e1773 e-flex e-con-boxed e-con e-parent\" data-id=\"1d1e1773\" data-element_type=\"container\" data-e-type=\"container\">\n\t\t\t\t\t<div class=\"e-con-inner\">\n\t\t<div class=\"elementor-element elementor-element-404b41be e-con-full e-flex e-con e-child\" data-id=\"404b41be\" data-element_type=\"container\" data-e-type=\"container\" data-settings=\"{&quot;background_background&quot;:&quot;classic&quot;}\">\n\t\t\t\t<div class=\"elementor-element elementor-element-1a0ca97 elementor-widget elementor-widget-image\" data-id=\"1a0ca97\" data-element_type=\"widget\" data-e-type=\"widget\" data-widget_type=\"image.default\">\n\t\t\t\t<div class=\"elementor-widget-container\">\n\t\t\t\t\t\t\t\t\t\t\t\t\t\t\t<img fetchpriority=\"high\" decoding=\"async\" width=\"461\" height=\"1024\" src=\"https:\/\/www.covesdencimany.com\/coves24\/wp-content\/uploads\/2025\/03\/IMG-20250117-WA0031-461x1024.jpg\" class=\"attachment-large size-large wp-image-810\" alt=\"\" srcset=\"https:\/\/www.covesdencimany.com\/coves24\/wp-content\/uploads\/2025\/03\/IMG-20250117-WA0031-461x1024.jpg 461w, https:\/\/www.covesdencimany.com\/coves24\/wp-content\/uploads\/2025\/03\/IMG-20250117-WA0031-135x300.jpg 135w, https:\/\/www.covesdencimany.com\/coves24\/wp-content\/uploads\/2025\/03\/IMG-20250117-WA0031-691x1536.jpg 691w, https:\/\/www.covesdencimany.com\/coves24\/wp-content\/uploads\/2025\/03\/IMG-20250117-WA0031.jpg 720w\" sizes=\"(max-width: 461px) 100vw, 461px\" \/>\t\t\t\t\t\t\t\t\t\t\t\t\t\t\t<\/div>\n\t\t\t\t<\/div>\n\t\t\t\t<\/div>\n\t\t<div class=\"elementor-element elementor-element-c3537af e-con-full e-flex e-con e-child\" data-id=\"c3537af\" data-element_type=\"container\" data-e-type=\"container\">\n\t\t\t\t<div class=\"elementor-element elementor-element-366e96bd elementor-widget elementor-widget-heading\" data-id=\"366e96bd\" data-element_type=\"widget\" data-e-type=\"widget\" data-widget_type=\"heading.default\">\n\t\t\t\t<div class=\"elementor-widget-container\">\n\t\t\t\t\t<h2 class=\"elementor-heading-title elementor-size-default\">Oferta educativa<\/h2>\t\t\t\t<\/div>\n\t\t\t\t<\/div>\n\t\t\t\t<div class=\"elementor-element elementor-element-6c7e492 elementor-widget elementor-widget-text-editor\" data-id=\"6c7e492\" data-element_type=\"widget\" data-e-type=\"widget\" data-widget_type=\"text-editor.default\">\n\t\t\t\t<div class=\"elementor-widget-container\">\n\t\t\t\t\t\t\t\t\t<p>L\u2019institut Escola Coves d\u2019en Cimany \u00e9s un Institut Escola p\u00fablic que integra tres etapes educatives (<a href=\"https:\/\/costaillobera.cat\/educacio-infantil\/\">Infantil<\/a>, <a href=\"https:\/\/costaillobera.cat\/educacio-primaria\/\">Prim\u00e0ria<\/a> i Secund\u00e0ria) en un \u00fanic projecte pedag\u00f2gic compartit pel personal educatiu, l\u2019alumnat i les fam\u00edlies i que d\u00f3na sentit al per\u00edode 3-16 Amb aquestes activitats s\u2019organitzen interaccions d\u2019aula amb docents dels dos cossos enriquint d\u2019aquesta manera el centre i millorant els traspassos a la finalitzaci\u00f3 de cada etapa.<\/p><p>Seguim les orientacions pedag\u00f2giques que el Departament d\u2019Educaci\u00f3 marca com a criteris pels projectes educatius dels Instituts Escola que son:\u00a0<\/p><ul><li>Disseny d\u2019un projecte educatiu \u00fanic i coherent, amb una visi\u00f3 de centre complet que doni sentit al per\u00edode 3 -16, a partir de projectes i activitats on interaccionin els alumnes de diverses edats, tot respectant les especificitats pr\u00f2pies de les etapes educatives<\/li><li>Disseny d\u2019estrat\u00e8gies de participaci\u00f3 que permetin considerar el projecte de centre com a un document compartit per tota la comunitat educativa.<\/li><li>Establiment dels diferents rols dels alumnes de prim\u00e0ria i secund\u00e0ria atenent els diferents estadis evolutius.<\/li><li>Organitzaci\u00f3 d\u2019interaccions d\u2019aula amb docents dels dos cossos, atenent a criteris d\u2019especialitat o experi\u00e8ncia.<\/li><li>Consideraci\u00f3 de l\u2019atenci\u00f3 als alumnes i a les fam\u00edlies com un aspecte important i diferencial.<\/li><\/ul><p>El treball en equip i l\u2019organitzaci\u00f3 del centre com un claustre \u00fanic i amb comissions de treball transversals \u00e9s un dels trets m\u00e9s importants del projecte de centre (comissions, coordinacions, equips docents\u2026). El grau de coordinaci\u00f3 de l\u2019equip \u00e9s intens de manera que es procura programar activitats d\u2019ensenyament aprenentatge globalitzades, de caire competencial i, en la mesura del possible, vinculades a l\u2019entorn on participin grups i docents de les diferents etapes.\u00a0<\/p><p>El grau d\u2019implicaci\u00f3 en les reunions \u00e9s intens, cada infant i jove t\u00e9 la mirada de tot un equip que l\u2019acompanya. Entenem que no hi ha reflexi\u00f3 pedag\u00f2gica ni innovaci\u00f3 si no disposem d\u2019\u00e0mbits on compartir les experi\u00e8ncies individuals i les propostes educatives col\u00b7laboratives. La formaci\u00f3 permanent del professorat \u00e9s constant i constitueix una aposta de qualitat.<\/p>\t\t\t\t\t\t\t\t<\/div>\n\t\t\t\t<\/div>\n\t\t\t\t<\/div>\n\t\t\t\t\t<\/div>\n\t\t\t\t<\/div>\n\t\t<div class=\"elementor-element elementor-element-7c0a35d7 e-flex e-con-boxed e-con e-parent\" data-id=\"7c0a35d7\" data-element_type=\"container\" data-e-type=\"container\">\n\t\t\t\t\t<div class=\"e-con-inner\">\n\t\t\t\t<div class=\"elementor-element elementor-element-64f21859 elementor-widget elementor-widget-spacer\" data-id=\"64f21859\" data-element_type=\"widget\" data-e-type=\"widget\" data-widget_type=\"spacer.default\">\n\t\t\t\t<div class=\"elementor-widget-container\">\n\t\t\t\t\t\t\t<div class=\"elementor-spacer\">\n\t\t\t<div class=\"elementor-spacer-inner\"><\/div>\n\t\t<\/div>\n\t\t\t\t\t\t<\/div>\n\t\t\t\t<\/div>\n\t\t\t\t<div class=\"elementor-element elementor-element-6d122e83 elementor-widget elementor-widget-button\" data-id=\"6d122e83\" data-element_type=\"widget\" data-e-type=\"widget\" data-widget_type=\"button.default\">\n\t\t\t\t<div class=\"elementor-widget-container\">\n\t\t\t\t\t\t\t\t\t<div class=\"elementor-button-wrapper\">\n\t\t\t\t\t<a class=\"elementor-button elementor-button-link elementor-size-sm\" href=\"https:\/\/www.covesdencimany.com\/coves24\">\n\t\t\t\t\t\t<span class=\"elementor-button-content-wrapper\">\n\t\t\t\t\t\t<span class=\"elementor-button-icon\">\n\t\t\t\t<svg aria-hidden=\"true\" class=\"e-font-icon-svg e-fas-angle-double-left\" viewBox=\"0 0 448 512\" xmlns=\"http:\/\/www.w3.org\/2000\/svg\"><path d=\"M223.7 239l136-136c9.4-9.4 24.6-9.4 33.9 0l22.6 22.6c9.4 9.4 9.4 24.6 0 33.9L319.9 256l96.4 96.4c9.4 9.4 9.4 24.6 0 33.9L393.7 409c-9.4 9.4-24.6 9.4-33.9 0l-136-136c-9.5-9.4-9.5-24.6-.1-34zm-192 34l136 136c9.4 9.4 24.6 9.4 33.9 0l22.6-22.6c9.4-9.4 9.4-24.6 0-33.9L127.9 256l96.4-96.4c9.4-9.4 9.4-24.6 0-33.9L201.7 103c-9.4-9.4-24.6-9.4-33.9 0l-136 136c-9.5 9.4-9.5 24.6-.1 34z\"><\/path><\/svg>\t\t\t<\/span>\n\t\t\t\t\t\t\t\t\t<span class=\"elementor-button-text\">Inici<\/span>\n\t\t\t\t\t<\/span>\n\t\t\t\t\t<\/a>\n\t\t\t\t<\/div>\n\t\t\t\t\t\t\t\t<\/div>\n\t\t\t\t<\/div>\n\t\t\t\t\t<\/div>\n\t\t\t\t<\/div>\n\t\t\t\t<\/div>\n\t\t","protected":false},"excerpt":{"rendered":"<p>L\u2019institut Escola Coves d\u2019en Cimany \u00e9s un Institut Escola p\u00fablic que integra tres etapes educatives (Infantil, Prim\u00e0ria i Secund\u00e0ria) en un \u00fanic projecte pedag\u00f2gic compartit pel personal educatiu, l\u2019alumnat i les fam\u00edlies i que d\u00f3na sentit al per\u00edode 3-16 Amb aquestes activitats s\u2019organitzen interaccions d\u2019aula amb docents dels dos cossos enriquint d\u2019aquesta manera el centre &#8230;<\/p>\n","protected":false},"author":2,"featured_media":0,"parent":72,"menu_order":17,"comment_status":"closed","ping_status":"closed","template":"page-nosidebar.php","meta":{"_acf_changed":false,"footnotes":""},"class_list":["post-519","page","type-page","status-publish","hentry"],"acf":[],"_links":{"self":[{"href":"https:\/\/www.covesdencimany.com\/coves24\/wp-json\/wp\/v2\/pages\/519","targetHints":{"allow":["GET"]}}],"collection":[{"href":"https:\/\/www.covesdencimany.com\/coves24\/wp-json\/wp\/v2\/pages"}],"about":[{"href":"https:\/\/www.covesdencimany.com\/coves24\/wp-json\/wp\/v2\/types\/page"}],"author":[{"embeddable":true,"href":"https:\/\/www.covesdencimany.com\/coves24\/wp-json\/wp\/v2\/users\/2"}],"replies":[{"embeddable":true,"href":"https:\/\/www.covesdencimany.com\/coves24\/wp-json\/wp\/v2\/comments?post=519"}],"version-history":[{"count":15,"href":"https:\/\/www.covesdencimany.com\/coves24\/wp-json\/wp\/v2\/pages\/519\/revisions"}],"predecessor-version":[{"id":1107,"href":"https:\/\/www.covesdencimany.com\/coves24\/wp-json\/wp\/v2\/pages\/519\/revisions\/1107"}],"up":[{"embeddable":true,"href":"https:\/\/www.covesdencimany.com\/coves24\/wp-json\/wp\/v2\/pages\/72"}],"wp:attachment":[{"href":"https:\/\/www.covesdencimany.com\/coves24\/wp-json\/wp\/v2\/media?parent=519"}],"curies":[{"name":"wp","href":"https:\/\/api.w.org\/{rel}","templated":true}]}}