{"id":114,"date":"2024-09-25T17:49:32","date_gmt":"2024-09-25T15:49:32","guid":{"rendered":"https:\/\/www.covesdencimany.com\/coves24\/?page_id=114"},"modified":"2026-03-04T16:36:08","modified_gmt":"2026-03-04T14:36:08","slug":"extraescolars","status":"publish","type":"page","link":"https:\/\/www.covesdencimany.com\/coves24\/serveis\/extraescolars\/","title":{"rendered":"Extraescolars"},"content":{"rendered":"\t\t<div data-elementor-type=\"wp-page\" data-elementor-id=\"114\" class=\"elementor elementor-114\" data-elementor-post-type=\"page\">\n\t\t\t\t<div class=\"elementor-element elementor-element-b26e3c7 e-flex e-con-boxed e-con e-parent\" data-id=\"b26e3c7\" data-element_type=\"container\" data-e-type=\"container\">\n\t\t\t\t\t<div class=\"e-con-inner\">\n\t\t\t\t<div class=\"elementor-element elementor-element-397a808 elementor-widget elementor-widget-spacer\" data-id=\"397a808\" data-element_type=\"widget\" data-e-type=\"widget\" data-widget_type=\"spacer.default\">\n\t\t\t\t<div class=\"elementor-widget-container\">\n\t\t\t\t\t\t\t<div class=\"elementor-spacer\">\n\t\t\t<div class=\"elementor-spacer-inner\"><\/div>\n\t\t<\/div>\n\t\t\t\t\t\t<\/div>\n\t\t\t\t<\/div>\n\t\t\t\t\t<\/div>\n\t\t\t\t<\/div>\n\t\t<div class=\"elementor-element elementor-element-24682bf e-flex e-con-boxed e-con e-parent\" data-id=\"24682bf\" data-element_type=\"container\" data-e-type=\"container\">\n\t\t\t\t\t<div class=\"e-con-inner\">\n\t\t<div class=\"elementor-element elementor-element-cedd7ad e-con-full e-flex e-con e-child\" data-id=\"cedd7ad\" data-element_type=\"container\" data-e-type=\"container\" data-settings=\"{&quot;background_background&quot;:&quot;classic&quot;}\">\n\t\t\t\t<\/div>\n\t\t<div class=\"elementor-element elementor-element-598c2f7 e-con-full e-flex e-con e-child\" data-id=\"598c2f7\" data-element_type=\"container\" data-e-type=\"container\">\n\t\t\t\t<div class=\"elementor-element elementor-element-fe9bcc8 elementor-widget elementor-widget-heading\" data-id=\"fe9bcc8\" data-element_type=\"widget\" data-e-type=\"widget\" data-widget_type=\"heading.default\">\n\t\t\t\t<div class=\"elementor-widget-container\">\n\t\t\t\t\t<h2 class=\"elementor-heading-title elementor-size-default\">Extraescolars<\/h2>\t\t\t\t<\/div>\n\t\t\t\t<\/div>\n\t\t\t\t<div class=\"elementor-element elementor-element-99d14dd elementor-widget elementor-widget-text-editor\" data-id=\"99d14dd\" data-element_type=\"widget\" data-e-type=\"widget\" data-widget_type=\"text-editor.default\">\n\t\t\t\t<div class=\"elementor-widget-container\">\n\t\t\t\t\t\t\t\t\t<p>Amb les activitats extraescolars, infants i joves van forjant la seva personalitat, fan <strong>noves amistats i vincles,<\/strong> i adquireixen valors, compet\u00e8ncies i h\u00e0bits essencials per al seu <strong>desenvolupament integral.<\/strong> Cal que, tant des del centre i les fam\u00edlies, tinguem present que l\u2019educaci\u00f3 s\u2019esdev\u00e9 al llarg i ample de la vida, i que per tant, totes les persones estem en constant aprenentatge, i els infants i joves no nom\u00e9s \u201caprenen\u201d en el context escolar, sin\u00f3 tamb\u00e9 en els espais de lleure educatiu.<\/p><p>Les extraescolars ens ofereixen <strong>bons contextos d\u2019aprenentatge<\/strong> i l\u2019oportunitat de con\u00e8ixer nous amics i amigues, de <strong>descobrir talents<\/strong>, habilitats i passions amagades, d\u2019aprendre a relacionar-nos en diferents contextos, de <strong>conviure<\/strong> i adquirir <strong>autonomia i esperit cr\u00edtic.<\/strong><\/p><p>Al centre l\u2019oferta d\u2019extraescolars arriba <strong>a trav\u00e9s de l\u2019AFA<\/strong> que organitza les activitats a partir de les demandes de les fam\u00edlies, com per exemple angl\u00e8s, futbol, hip-hop, judo o patinatge.<\/p><p>Alhora tamb\u00e9 a trav\u00e9s del <strong>Pla de Barri<\/strong> a l\u2019escola s\u2019acullen activitats subvencionades que potencien la cultura, la creativitat i l\u2019art amb extraescolars com menjallibres, experimentaci\u00f3, art o teatre.<\/p><p>Tamb\u00e9 es compte amb altres activitats com l\u2019obertura setmanal de musiteca per a joves al centre, o amb els espais de refor\u00e7 de la fundaci\u00f3 ADSIS o T\u00e0ndem amb l\u2019acompanyament de l\u2019escola de m\u00fasica Pausa.<\/p>\t\t\t\t\t\t\t\t<\/div>\n\t\t\t\t<\/div>\n\t\t\t\t<\/div>\n\t\t\t\t\t<\/div>\n\t\t\t\t<\/div>\n\t\t<div class=\"elementor-element elementor-element-704042f e-flex e-con-boxed e-con e-parent\" data-id=\"704042f\" data-element_type=\"container\" data-e-type=\"container\">\n\t\t\t\t\t<div class=\"e-con-inner\">\n\t\t<div class=\"elementor-element elementor-element-7511d08 e-con-full e-flex e-con e-child\" data-id=\"7511d08\" data-element_type=\"container\" data-e-type=\"container\" data-settings=\"{&quot;background_background&quot;:&quot;classic&quot;}\">\n\t\t\t\t<\/div>\n\t\t<div class=\"elementor-element elementor-element-e385b9a e-con-full e-flex e-con e-child\" data-id=\"e385b9a\" data-element_type=\"container\" data-e-type=\"container\" data-settings=\"{&quot;background_background&quot;:&quot;classic&quot;}\">\n\t\t\t\t<\/div>\n\t\t\t\t\t<\/div>\n\t\t\t\t<\/div>\n\t\t\t\t<\/div>\n\t\t","protected":false},"excerpt":{"rendered":"<p>Amb les activitats extraescolars, infants i joves van forjant la seva personalitat, fan noves amistats i vincles, i adquireixen valors, compet\u00e8ncies i h\u00e0bits essencials per al seu desenvolupament integral. Cal que, tant des del centre i les fam\u00edlies, tinguem present que l\u2019educaci\u00f3 s\u2019esdev\u00e9 al llarg i ample de la vida, i que per tant, totes &#8230;<\/p>\n","protected":false},"author":2,"featured_media":0,"parent":108,"menu_order":3,"comment_status":"closed","ping_status":"closed","template":"page-nosidebar.php","meta":{"_acf_changed":false,"footnotes":""},"class_list":["post-114","page","type-page","status-publish","hentry"],"acf":[],"_links":{"self":[{"href":"https:\/\/www.covesdencimany.com\/coves24\/wp-json\/wp\/v2\/pages\/114","targetHints":{"allow":["GET"]}}],"collection":[{"href":"https:\/\/www.covesdencimany.com\/coves24\/wp-json\/wp\/v2\/pages"}],"about":[{"href":"https:\/\/www.covesdencimany.com\/coves24\/wp-json\/wp\/v2\/types\/page"}],"author":[{"embeddable":true,"href":"https:\/\/www.covesdencimany.com\/coves24\/wp-json\/wp\/v2\/users\/2"}],"replies":[{"embeddable":true,"href":"https:\/\/www.covesdencimany.com\/coves24\/wp-json\/wp\/v2\/comments?post=114"}],"version-history":[{"count":16,"href":"https:\/\/www.covesdencimany.com\/coves24\/wp-json\/wp\/v2\/pages\/114\/revisions"}],"predecessor-version":[{"id":1063,"href":"https:\/\/www.covesdencimany.com\/coves24\/wp-json\/wp\/v2\/pages\/114\/revisions\/1063"}],"up":[{"embeddable":true,"href":"https:\/\/www.covesdencimany.com\/coves24\/wp-json\/wp\/v2\/pages\/108"}],"wp:attachment":[{"href":"https:\/\/www.covesdencimany.com\/coves24\/wp-json\/wp\/v2\/media?parent=114"}],"curies":[{"name":"wp","href":"https:\/\/api.w.org\/{rel}","templated":true}]}}