{"id":112,"date":"2024-09-25T17:49:14","date_gmt":"2024-09-25T15:49:14","guid":{"rendered":"https:\/\/www.covesdencimany.com\/coves24\/?page_id=112"},"modified":"2026-03-04T16:36:08","modified_gmt":"2026-03-04T14:36:08","slug":"menjador","status":"publish","type":"page","link":"https:\/\/www.covesdencimany.com\/coves24\/serveis\/menjador\/","title":{"rendered":"Espai de migdia- Menjador"},"content":{"rendered":"\t\t<div data-elementor-type=\"wp-page\" data-elementor-id=\"112\" class=\"elementor elementor-112\" data-elementor-post-type=\"page\">\n\t\t\t\t<div class=\"elementor-element elementor-element-d373c4a e-flex e-con-boxed e-con e-parent\" data-id=\"d373c4a\" data-element_type=\"container\" data-e-type=\"container\">\n\t\t\t\t\t<div class=\"e-con-inner\">\n\t\t\t\t<div class=\"elementor-element elementor-element-644537e elementor-grid-3 elementor-grid-tablet-2 elementor-grid-mobile-1 elementor-widget elementor-widget-loop-grid\" data-id=\"644537e\" data-element_type=\"widget\" data-e-type=\"widget\" data-settings=\"{&quot;template_id&quot;:&quot;44640&quot;,&quot;columns&quot;:3,&quot;row_gap&quot;:{&quot;unit&quot;:&quot;px&quot;,&quot;size&quot;:3,&quot;sizes&quot;:[]},&quot;_skin&quot;:&quot;post&quot;,&quot;columns_tablet&quot;:&quot;2&quot;,&quot;columns_mobile&quot;:&quot;1&quot;,&quot;edit_handle_selector&quot;:&quot;[data-elementor-type=\\&quot;loop-item\\&quot;]&quot;,&quot;row_gap_tablet&quot;:{&quot;unit&quot;:&quot;px&quot;,&quot;size&quot;:&quot;&quot;,&quot;sizes&quot;:[]},&quot;row_gap_mobile&quot;:{&quot;unit&quot;:&quot;px&quot;,&quot;size&quot;:&quot;&quot;,&quot;sizes&quot;:[]}}\" data-widget_type=\"loop-grid.post\">\n\t\t\t\t<div class=\"elementor-widget-container\">\n\t\t\t\t\t\t\t<div class=\"elementor-loop-container elementor-grid\" role=\"list\">\n\t\t<style id=\"loop-44640\">.elementor-44640 .elementor-element.elementor-element-e96e31a{--display:flex;--flex-direction:column;--container-widget-width:100%;--container-widget-height:initial;--container-widget-flex-grow:0;--container-widget-align-self:initial;--flex-wrap-mobile:wrap;}.elementor-widget-button .elementor-button{font-family:var( --e-global-typography-accent-font-family ), Sans-serif;font-weight:var( --e-global-typography-accent-font-weight );background-color:var( --e-global-color-accent );}.elementor-44640 .elementor-element.elementor-element-74cd6a0 .elementor-button{background-color:var( --e-global-color-105e60d );}.elementor-44640 .elementor-element.elementor-element-74cd6a0 .elementor-button:hover, .elementor-44640 .elementor-element.elementor-element-74cd6a0 .elementor-button:focus{background-color:var( --e-global-color-119e9ac );}<\/style>\t\t<div data-elementor-type=\"loop-item\" data-elementor-id=\"44640\" class=\"elementor elementor-44640 e-loop-item e-loop-item-44630 post-44630 menjador type-menjador status-publish hentry\" data-elementor-post-type=\"elementor_library\" data-custom-edit-handle=\"1\">\n\t\t\t<div class=\"elementor-element elementor-element-e96e31a e-flex e-con-boxed e-con e-parent\" data-id=\"e96e31a\" data-element_type=\"container\" data-e-type=\"container\">\n\t\t\t\t\t<div class=\"e-con-inner\">\n\t\t\t\t<div class=\"elementor-element elementor-element-74cd6a0 elementor-align-justify elementor-widget elementor-widget-button\" data-id=\"74cd6a0\" data-element_type=\"widget\" data-e-type=\"widget\" data-widget_type=\"button.default\">\n\t\t\t\t<div class=\"elementor-widget-container\">\n\t\t\t\t\t\t\t\t\t<div class=\"elementor-button-wrapper\">\n\t\t\t\t\t<a class=\"elementor-button elementor-button-link elementor-size-sm\" href=\"https:\/\/www.covesdencimany.com\/coves24\/wp-content\/uploads\/2026\/03\/BASAL.pdf\" target=\"_blank\">\n\t\t\t\t\t\t<span class=\"elementor-button-content-wrapper\">\n\t\t\t\t\t\t\t\t\t<span class=\"elementor-button-text\">Abril 2026 \u00b7 Men\u00fa Basal<\/span>\n\t\t\t\t\t<\/span>\n\t\t\t\t\t<\/a>\n\t\t\t\t<\/div>\n\t\t\t\t\t\t\t\t<\/div>\n\t\t\t\t<\/div>\n\t\t\t\t\t<\/div>\n\t\t\t\t<\/div>\n\t\t\t\t<\/div>\n\t\t\t\t<div data-elementor-type=\"loop-item\" data-elementor-id=\"44640\" class=\"elementor elementor-44640 e-loop-item e-loop-item-44653 post-44653 menjador type-menjador status-publish hentry\" data-elementor-post-type=\"elementor_library\" data-custom-edit-handle=\"1\">\n\t\t\t<div class=\"elementor-element elementor-element-e96e31a e-flex e-con-boxed e-con e-parent\" data-id=\"e96e31a\" data-element_type=\"container\" data-e-type=\"container\">\n\t\t\t\t\t<div class=\"e-con-inner\">\n\t\t\t\t<div class=\"elementor-element elementor-element-74cd6a0 elementor-align-justify elementor-widget elementor-widget-button\" data-id=\"74cd6a0\" data-element_type=\"widget\" data-e-type=\"widget\" data-widget_type=\"button.default\">\n\t\t\t\t<div class=\"elementor-widget-container\">\n\t\t\t\t\t\t\t\t\t<div class=\"elementor-button-wrapper\">\n\t\t\t\t\t<a class=\"elementor-button elementor-button-link elementor-size-sm\" href=\"https:\/\/www.covesdencimany.com\/coves24\/wp-content\/uploads\/2026\/03\/ESPECIALS.pdf\" target=\"_blank\">\n\t\t\t\t\t\t<span class=\"elementor-button-content-wrapper\">\n\t\t\t\t\t\t\t\t\t<span class=\"elementor-button-text\">Abril 2026 \u00b7 Men\u00fas especials<\/span>\n\t\t\t\t\t<\/span>\n\t\t\t\t\t<\/a>\n\t\t\t\t<\/div>\n\t\t\t\t\t\t\t\t<\/div>\n\t\t\t\t<\/div>\n\t\t\t\t\t<\/div>\n\t\t\t\t<\/div>\n\t\t\t\t<\/div>\n\t\t\t\t<div data-elementor-type=\"loop-item\" data-elementor-id=\"44640\" class=\"elementor elementor-44640 e-loop-item e-loop-item-44664 post-44664 menjador type-menjador status-publish hentry\" data-elementor-post-type=\"elementor_library\" data-custom-edit-handle=\"1\">\n\t\t\t<div class=\"elementor-element elementor-element-e96e31a e-flex e-con-boxed e-con e-parent\" data-id=\"e96e31a\" data-element_type=\"container\" data-e-type=\"container\">\n\t\t\t\t\t<div class=\"e-con-inner\">\n\t\t\t\t<div class=\"elementor-element elementor-element-74cd6a0 elementor-align-justify elementor-widget elementor-widget-button\" data-id=\"74cd6a0\" data-element_type=\"widget\" data-e-type=\"widget\" data-widget_type=\"button.default\">\n\t\t\t\t<div class=\"elementor-widget-container\">\n\t\t\t\t\t\t\t\t\t<div class=\"elementor-button-wrapper\">\n\t\t\t\t\t<a class=\"elementor-button elementor-button-link elementor-size-sm\" href=\"https:\/\/www.covesdencimany.com\/coves24\/wp-content\/uploads\/2026\/03\/SOPARS.pdf\" target=\"_blank\">\n\t\t\t\t\t\t<span class=\"elementor-button-content-wrapper\">\n\t\t\t\t\t\t\t\t\t<span class=\"elementor-button-text\">Abril 2026 \u00b7 Suggeriments per sopar<\/span>\n\t\t\t\t\t<\/span>\n\t\t\t\t\t<\/a>\n\t\t\t\t<\/div>\n\t\t\t\t\t\t\t\t<\/div>\n\t\t\t\t<\/div>\n\t\t\t\t\t<\/div>\n\t\t\t\t<\/div>\n\t\t\t\t<\/div>\n\t\t\t\t<\/div>\n\t\t\n\t\t\t\t\t\t<\/div>\n\t\t\t\t<\/div>\n\t\t\t\t\t<\/div>\n\t\t\t\t<\/div>\n\t\t<div class=\"elementor-element elementor-element-f2a262a e-flex e-con-boxed e-con e-parent\" data-id=\"f2a262a\" data-element_type=\"container\" data-e-type=\"container\">\n\t\t\t\t\t<div class=\"e-con-inner\">\n\t\t\t\t<div class=\"elementor-element elementor-element-1fe73c2 elementor-widget elementor-widget-spacer\" data-id=\"1fe73c2\" data-element_type=\"widget\" data-e-type=\"widget\" data-widget_type=\"spacer.default\">\n\t\t\t\t<div class=\"elementor-widget-container\">\n\t\t\t\t\t\t\t<div class=\"elementor-spacer\">\n\t\t\t<div class=\"elementor-spacer-inner\"><\/div>\n\t\t<\/div>\n\t\t\t\t\t\t<\/div>\n\t\t\t\t<\/div>\n\t\t\t\t<div class=\"elementor-element elementor-element-7c81e59 elementor-widget elementor-widget-heading\" data-id=\"7c81e59\" data-element_type=\"widget\" data-e-type=\"widget\" data-widget_type=\"heading.default\">\n\t\t\t\t<div class=\"elementor-widget-container\">\n\t\t\t\t\t<h2 class=\"elementor-heading-title elementor-size-default\">Abril 2026 \u00b7 Suggeriments per sopar<\/h2>\t\t\t\t<\/div>\n\t\t\t\t<\/div>\n\t\t\t\t<div class=\"elementor-element elementor-element-55a42ce elementor-widget elementor-widget-text-editor\" data-id=\"55a42ce\" data-element_type=\"widget\" data-e-type=\"widget\" data-widget_type=\"text-editor.default\">\n\t\t\t\t<div class=\"elementor-widget-container\">\n\t\t\t\t\t\t\t\t\t<p>\u00a0<\/p><p>El centre coordina i supervisa l\u2019espai de migdia, actualment portat a terme per l\u2019empresa \u00c2bac Serveis Educatius. <br \/>Per nosaltres \u00e9s important que l\u2019espai estigui alineat amb el <strong>projecte de centre<\/strong> i que tingui una <strong>mirada pedag\u00f2gica<\/strong> connectada amb ell.<\/p><p><em>\u201cCreiem que l\u2019espai migdia \u00e9s molt m\u00e9s que un servei alimentari, \u00e9s el temps de lleure educatiu. La nostra voluntat \u00e9s treballar transversalment amb l\u2019horari lectiu per <strong>donar coher\u00e8ncia<\/strong> <strong>a l\u2019acci\u00f3 educativa<\/strong> del centre durant tot el seu horari, respectant, en tot moment, <strong>la subjectivitat i el ritme<\/strong> de cada infant i jove. <\/em><br \/><em>Treballem els h\u00e0bits alimentaris estimulant <strong>l\u2019autonomia<\/strong> i l\u2019inter\u00e8s per <strong>l\u2019alimentaci\u00f3 saludable<\/strong>, fent-los aix\u00ed m\u00e9s <strong>protagonistes de l\u2019acte social de menjar.<\/strong> Fomentem la vessant educativa per cultivar la curiositat per saber que hi ha al darrera dels diferents plats, el gust per menjar b\u00e9 en tots els sentits (sa, sostenible i just). <\/em><br \/><em><strong>Fomentem l\u2019activitat col\u00b7lectiva, el treball en valors i emocions, la coeducaci\u00f3 i el respecte<\/strong> aix\u00ed com generem esperit identitari del grup, i fomentem els interessos dels mateixos infants promovent la participaci\u00f3 progressiva. <\/em><br \/><em>A trav\u00e9s de la seva veu dinamitzem i acompanyem les propostes de jocs, activitats, esport saludable,&#8230;<\/em><br \/><em>Un espai on els infant no nom\u00e9s puguin escollir quina \u00e9s aquella activitat que volen fer despr\u00e9s de dinar sin\u00f3 que la puguin imaginar, dissenyar, crear i finalment gaudir. <\/em><br \/><em>Les bases de l\u2019espai s\u00f3n l\u2019acompanyament afectiu i la lliure circulaci\u00f3 per aquests\u201d<\/em><\/p><p style=\"text-align: right;\">\u00c0bac Serveis<\/p>\t\t\t\t\t\t\t\t<\/div>\n\t\t\t\t<\/div>\n\t\t\t\t\t<\/div>\n\t\t\t\t<\/div>\n\t\t<div class=\"elementor-element elementor-element-7050f6f e-flex e-con-boxed e-con e-parent\" data-id=\"7050f6f\" data-element_type=\"container\" data-e-type=\"container\">\n\t\t\t\t\t<div class=\"e-con-inner\">\n\t\t<div class=\"elementor-element elementor-element-3fa2740 e-con-full e-flex e-con e-child\" data-id=\"3fa2740\" data-element_type=\"container\" data-e-type=\"container\" data-settings=\"{&quot;background_background&quot;:&quot;classic&quot;}\">\n\t\t\t\t<\/div>\n\t\t<div class=\"elementor-element elementor-element-66645cf e-con-full e-flex e-con e-child\" data-id=\"66645cf\" data-element_type=\"container\" data-e-type=\"container\" data-settings=\"{&quot;background_background&quot;:&quot;classic&quot;}\">\n\t\t\t\t<\/div>\n\t\t\t\t\t<\/div>\n\t\t\t\t<\/div>\n\t\t\t\t<\/div>\n\t\t","protected":false},"excerpt":{"rendered":"<p>\u00a0 El centre coordina i supervisa l\u2019espai de migdia, actualment portat a terme per l\u2019empresa \u00c2bac Serveis Educatius. Per nosaltres \u00e9s important que l\u2019espai estigui alineat amb el projecte de centre i que tingui una mirada pedag\u00f2gica connectada amb ell. \u201cCreiem que l\u2019espai migdia \u00e9s molt m\u00e9s que un servei alimentari, \u00e9s el temps de &#8230;<\/p>\n","protected":false},"author":2,"featured_media":0,"parent":108,"menu_order":4,"comment_status":"closed","ping_status":"closed","template":"page-nosidebar.php","meta":{"_acf_changed":false,"footnotes":""},"class_list":["post-112","page","type-page","status-publish","hentry"],"acf":[],"_links":{"self":[{"href":"https:\/\/www.covesdencimany.com\/coves24\/wp-json\/wp\/v2\/pages\/112","targetHints":{"allow":["GET"]}}],"collection":[{"href":"https:\/\/www.covesdencimany.com\/coves24\/wp-json\/wp\/v2\/pages"}],"about":[{"href":"https:\/\/www.covesdencimany.com\/coves24\/wp-json\/wp\/v2\/types\/page"}],"author":[{"embeddable":true,"href":"https:\/\/www.covesdencimany.com\/coves24\/wp-json\/wp\/v2\/users\/2"}],"replies":[{"embeddable":true,"href":"https:\/\/www.covesdencimany.com\/coves24\/wp-json\/wp\/v2\/comments?post=112"}],"version-history":[{"count":41,"href":"https:\/\/www.covesdencimany.com\/coves24\/wp-json\/wp\/v2\/pages\/112\/revisions"}],"predecessor-version":[{"id":44671,"href":"https:\/\/www.covesdencimany.com\/coves24\/wp-json\/wp\/v2\/pages\/112\/revisions\/44671"}],"up":[{"embeddable":true,"href":"https:\/\/www.covesdencimany.com\/coves24\/wp-json\/wp\/v2\/pages\/108"}],"wp:attachment":[{"href":"https:\/\/www.covesdencimany.com\/coves24\/wp-json\/wp\/v2\/media?parent=112"}],"curies":[{"name":"wp","href":"https:\/\/api.w.org\/{rel}","templated":true}]}}